{"id":12,"date":"2021-06-03T15:30:43","date_gmt":"2021-06-03T15:30:43","guid":{"rendered":"https:\/\/doublexpresso.ca\/bingo-auto\/?page_id=12"},"modified":"2021-06-03T19:03:00","modified_gmt":"2021-06-03T19:03:00","slug":"elementor-12","status":"publish","type":"page","link":"https:\/\/doublexpresso.ca\/bingo-auto\/","title":{"rendered":"Elementor #12"},"content":{"rendered":"\t\t<div data-elementor-type=\"wp-page\" data-elementor-id=\"12\" class=\"elementor elementor-12\" data-elementor-settings=\"[]\">\n\t\t\t\t\t\t\t<div class=\"elementor-section-wrap\">\n\t\t\t\t\t\t\t<section class=\"elementor-section elementor-top-section elementor-element elementor-element-d0f4843 elementor-section-full_width elementor-section-height-min-height elementor-section-items-top elementor-section-height-default\" data-id=\"d0f4843\" data-element_type=\"section\" data-settings=\"{&quot;background_background&quot;:&quot;classic&quot;}\">\n\t\t\t\t\t\t<div class=\"elementor-container elementor-column-gap-default\">\n\t\t\t\t\t<div class=\"elementor-column elementor-col-100 elementor-top-column elementor-element elementor-element-4dbf5f9\" data-id=\"4dbf5f9\" data-element_type=\"column\">\n\t\t\t<div class=\"elementor-widget-wrap elementor-element-populated\">\n\t\t\t\t\t\t\t\t<section class=\"elementor-section elementor-inner-section elementor-element elementor-element-dfd2bbb elementor-section-height-min-height elementor-section-boxed elementor-section-height-default\" data-id=\"dfd2bbb\" data-element_type=\"section\" data-settings=\"{&quot;background_background&quot;:&quot;classic&quot;}\">\n\t\t\t\t\t\t<div class=\"elementor-container elementor-column-gap-default\">\n\t\t\t\t\t<div class=\"elementor-column elementor-col-100 elementor-inner-column elementor-element elementor-element-48936bd\" data-id=\"48936bd\" data-element_type=\"column\">\n\t\t\t<div class=\"elementor-widget-wrap elementor-element-populated\">\n\t\t\t\t\t\t\t\t<div class=\"elementor-element elementor-element-35adc5d elementor-widget elementor-widget-image\" data-id=\"35adc5d\" data-element_type=\"widget\" data-widget_type=\"image.default\">\n\t\t\t\t<div class=\"elementor-widget-container\">\n\t\t\t\t\t\t\t\t\t\t\t\t\t\t\t<img loading=\"lazy\" decoding=\"async\" width=\"379\" height=\"79\" src=\"https:\/\/doublexpresso.ca\/bingo-auto\/wp-content\/uploads\/2021\/06\/logo-dx.svg\" class=\"attachment-large size-large\" alt=\"\" \/>\t\t\t\t\t\t\t\t\t\t\t\t\t\t\t<\/div>\n\t\t\t\t<\/div>\n\t\t\t\t<div class=\"elementor-element elementor-element-d815913 elementor-widget elementor-widget-heading\" data-id=\"d815913\" data-element_type=\"widget\" data-widget_type=\"heading.default\">\n\t\t\t\t<div class=\"elementor-widget-container\">\n\t\t\t<h2 class=\"elementor-heading-title elementor-size-default\">Petits et grands<\/h2>\t\t<\/div>\n\t\t\t\t<\/div>\n\t\t\t\t<div class=\"elementor-element elementor-element-d9c10fe elementor-widget elementor-widget-heading\" data-id=\"d9c10fe\" data-element_type=\"widget\" data-widget_type=\"heading.default\">\n\t\t\t\t<div class=\"elementor-widget-container\">\n\t\t\t<h2 class=\"elementor-heading-title elementor-size-default\">un peu de divertissements pendant vos d\u00e9placements!<\/h2>\t\t<\/div>\n\t\t\t\t<\/div>\n\t\t\t\t<div class=\"elementor-element elementor-element-eb0889f elementor-widget elementor-widget-image\" data-id=\"eb0889f\" data-element_type=\"widget\" data-widget_type=\"image.default\">\n\t\t\t\t<div class=\"elementor-widget-container\">\n\t\t\t\t\t\t\t\t\t\t\t\t\t\t\t<img loading=\"lazy\" decoding=\"async\" width=\"376\" height=\"101\" src=\"https:\/\/doublexpresso.ca\/bingo-auto\/wp-content\/uploads\/2021\/06\/bingo-auto.svg\" class=\"attachment-large size-large\" alt=\"\" \/>\t\t\t\t\t\t\t\t\t\t\t\t\t\t\t<\/div>\n\t\t\t\t<\/div>\n\t\t\t\t<div class=\"elementor-element elementor-element-92c6e78 elementor-absolute elementor-widget elementor-widget-image\" data-id=\"92c6e78\" data-element_type=\"widget\" data-settings=\"{&quot;_position&quot;:&quot;absolute&quot;}\" data-widget_type=\"image.default\">\n\t\t\t\t<div class=\"elementor-widget-container\">\n\t\t\t\t\t\t\t\t\t\t\t\t\t\t\t<img loading=\"lazy\" decoding=\"async\" width=\"800\" height=\"309\" src=\"https:\/\/doublexpresso.ca\/bingo-auto\/wp-content\/uploads\/2021\/06\/Untitled-1-1024x396.png\" class=\"attachment-large size-large\" alt=\"\" srcset=\"https:\/\/doublexpresso.ca\/bingo-auto\/wp-content\/uploads\/2021\/06\/Untitled-1-1024x396.png 1024w, https:\/\/doublexpresso.ca\/bingo-auto\/wp-content\/uploads\/2021\/06\/Untitled-1-300x116.png 300w, https:\/\/doublexpresso.ca\/bingo-auto\/wp-content\/uploads\/2021\/06\/Untitled-1-768x297.png 768w, https:\/\/doublexpresso.ca\/bingo-auto\/wp-content\/uploads\/2021\/06\/Untitled-1.png 1500w\" sizes=\"auto, (max-width: 800px) 100vw, 800px\" \/>\t\t\t\t\t\t\t\t\t\t\t\t\t\t\t<\/div>\n\t\t\t\t<\/div>\n\t\t\t\t\t<\/div>\n\t\t<\/div>\n\t\t\t\t\t\t\t<\/div>\n\t\t<\/section>\n\t\t\t\t<section class=\"elementor-section elementor-inner-section elementor-element elementor-element-8a71fb6 elementor-section-boxed elementor-section-height-default elementor-section-height-default\" data-id=\"8a71fb6\" data-element_type=\"section\">\n\t\t\t\t\t\t<div class=\"elementor-container elementor-column-gap-default\">\n\t\t\t\t\t<div class=\"elementor-column elementor-col-25 elementor-inner-column elementor-element elementor-element-1ebd19e\" data-id=\"1ebd19e\" data-element_type=\"column\">\n\t\t\t<div class=\"elementor-widget-wrap\">\n\t\t\t\t\t\t\t\t\t<\/div>\n\t\t<\/div>\n\t\t\t\t<div class=\"elementor-column elementor-col-25 elementor-inner-column elementor-element elementor-element-bdc2803\" data-id=\"bdc2803\" data-element_type=\"column\">\n\t\t\t<div class=\"elementor-widget-wrap elementor-element-populated\">\n\t\t\t\t\t\t\t\t<div class=\"elementor-element elementor-element-242ada4 elementor-widget elementor-widget-image\" data-id=\"242ada4\" data-element_type=\"widget\" data-widget_type=\"image.default\">\n\t\t\t\t<div class=\"elementor-widget-container\">\n\t\t\t\t\t\t\t\t\t\t\t\t\t\t\t<img loading=\"lazy\" decoding=\"async\" width=\"400\" height=\"531\" src=\"https:\/\/doublexpresso.ca\/bingo-auto\/wp-content\/uploads\/2021\/06\/XPRESS080_Bingo-Auto_enfant.jpg\" class=\"attachment-large size-large\" alt=\"\" srcset=\"https:\/\/doublexpresso.ca\/bingo-auto\/wp-content\/uploads\/2021\/06\/XPRESS080_Bingo-Auto_enfant.jpg 400w, https:\/\/doublexpresso.ca\/bingo-auto\/wp-content\/uploads\/2021\/06\/XPRESS080_Bingo-Auto_enfant-226x300.jpg 226w\" sizes=\"auto, (max-width: 400px) 100vw, 400px\" \/>\t\t\t\t\t\t\t\t\t\t\t\t\t\t\t<\/div>\n\t\t\t\t<\/div>\n\t\t\t\t<div class=\"elementor-element elementor-element-ff7454c elementor-widget elementor-widget-heading\" data-id=\"ff7454c\" data-element_type=\"widget\" data-widget_type=\"heading.default\">\n\t\t\t\t<div class=\"elementor-widget-container\">\n\t\t\t<h2 class=\"elementor-heading-title elementor-size-default\">Version pour enfants<\/h2>\t\t<\/div>\n\t\t\t\t<\/div>\n\t\t\t\t<div class=\"elementor-element elementor-element-0ee3afa elementor-align-center elementor-widget elementor-widget-button\" data-id=\"0ee3afa\" data-element_type=\"widget\" id=\"download_enfants\" data-widget_type=\"button.default\">\n\t\t\t\t<div class=\"elementor-widget-container\">\n\t\t\t\t\t<div class=\"elementor-button-wrapper\">\n\t\t\t<a href=\"https:\/\/doublexpresso.ca\/bingo-auto\/wp-content\/uploads\/2021\/06\/XPRESS080_Bingo-Auto_enfant.pdf\" class=\"elementor-button-link elementor-button elementor-size-sm\" role=\"button\">\n\t\t\t\t\t\t<span class=\"elementor-button-content-wrapper\">\n\t\t\t\t\t\t<span class=\"elementor-button-text\">T\u00c9L\u00c9CHARGEZ<\/span>\n\t\t<\/span>\n\t\t\t\t\t<\/a>\n\t\t<\/div>\n\t\t\t\t<\/div>\n\t\t\t\t<\/div>\n\t\t\t\t\t<\/div>\n\t\t<\/div>\n\t\t\t\t<div class=\"elementor-column elementor-col-25 elementor-inner-column elementor-element elementor-element-fef48b2\" data-id=\"fef48b2\" data-element_type=\"column\">\n\t\t\t<div class=\"elementor-widget-wrap elementor-element-populated\">\n\t\t\t\t\t\t\t\t<div class=\"elementor-element elementor-element-2b19d16 elementor-widget elementor-widget-image\" data-id=\"2b19d16\" data-element_type=\"widget\" data-widget_type=\"image.default\">\n\t\t\t\t<div class=\"elementor-widget-container\">\n\t\t\t\t\t\t\t\t\t\t\t\t\t\t\t<img loading=\"lazy\" decoding=\"async\" width=\"400\" height=\"528\" src=\"https:\/\/doublexpresso.ca\/bingo-auto\/wp-content\/uploads\/2021\/06\/XPRESS080_Bingo-Auto_adulte.jpg\" class=\"attachment-large size-large\" alt=\"\" srcset=\"https:\/\/doublexpresso.ca\/bingo-auto\/wp-content\/uploads\/2021\/06\/XPRESS080_Bingo-Auto_adulte.jpg 400w, https:\/\/doublexpresso.ca\/bingo-auto\/wp-content\/uploads\/2021\/06\/XPRESS080_Bingo-Auto_adulte-227x300.jpg 227w\" sizes=\"auto, (max-width: 400px) 100vw, 400px\" \/>\t\t\t\t\t\t\t\t\t\t\t\t\t\t\t<\/div>\n\t\t\t\t<\/div>\n\t\t\t\t<div class=\"elementor-element elementor-element-1f2da19 elementor-widget elementor-widget-heading\" data-id=\"1f2da19\" data-element_type=\"widget\" data-widget_type=\"heading.default\">\n\t\t\t\t<div class=\"elementor-widget-container\">\n\t\t\t<h2 class=\"elementor-heading-title elementor-size-default\">Version pour adultes<\/h2>\t\t<\/div>\n\t\t\t\t<\/div>\n\t\t\t\t<div class=\"elementor-element elementor-element-3ca2800 elementor-align-center elementor-widget elementor-widget-button\" data-id=\"3ca2800\" data-element_type=\"widget\" id=\"download_adultes\" data-widget_type=\"button.default\">\n\t\t\t\t<div class=\"elementor-widget-container\">\n\t\t\t\t\t<div class=\"elementor-button-wrapper\">\n\t\t\t<a href=\"https:\/\/doublexpresso.ca\/bingo-auto\/wp-content\/uploads\/2021\/06\/XPRESS080_Bingo-Auto_adulte.pdf\" class=\"elementor-button-link elementor-button elementor-size-sm\" role=\"button\">\n\t\t\t\t\t\t<span class=\"elementor-button-content-wrapper\">\n\t\t\t\t\t\t<span class=\"elementor-button-text\">T\u00c9L\u00c9CHARGEZ<\/span>\n\t\t<\/span>\n\t\t\t\t\t<\/a>\n\t\t<\/div>\n\t\t\t\t<\/div>\n\t\t\t\t<\/div>\n\t\t\t\t\t<\/div>\n\t\t<\/div>\n\t\t\t\t<div class=\"elementor-column elementor-col-25 elementor-inner-column elementor-element elementor-element-acd7e9d\" data-id=\"acd7e9d\" data-element_type=\"column\">\n\t\t\t<div class=\"elementor-widget-wrap\">\n\t\t\t\t\t\t\t\t\t<\/div>\n\t\t<\/div>\n\t\t\t\t\t\t\t<\/div>\n\t\t<\/section>\n\t\t\t\t\t<\/div>\n\t\t<\/div>\n\t\t\t\t\t\t\t<\/div>\n\t\t<\/section>\n\t\t\t\t<section class=\"elementor-section elementor-top-section elementor-element elementor-element-fa339f4 elementor-section-boxed elementor-section-height-default elementor-section-height-default\" data-id=\"fa339f4\" data-element_type=\"section\" data-settings=\"{&quot;background_background&quot;:&quot;classic&quot;}\">\n\t\t\t\t\t\t<div class=\"elementor-container elementor-column-gap-default\">\n\t\t\t\t\t<div class=\"elementor-column elementor-col-33 elementor-top-column elementor-element elementor-element-88d6110\" data-id=\"88d6110\" data-element_type=\"column\">\n\t\t\t<div class=\"elementor-widget-wrap elementor-element-populated\">\n\t\t\t\t\t\t\t\t<div class=\"elementor-element elementor-element-ae34583 elementor-widget elementor-widget-heading\" data-id=\"ae34583\" data-element_type=\"widget\" data-widget_type=\"heading.default\">\n\t\t\t\t<div class=\"elementor-widget-container\">\n\t\t\t<h2 class=\"elementor-heading-title elementor-size-default\">Bon \u00e9t\u00e9!<\/h2>\t\t<\/div>\n\t\t\t\t<\/div>\n\t\t\t\t\t<\/div>\n\t\t<\/div>\n\t\t\t\t<div class=\"elementor-column elementor-col-33 elementor-top-column elementor-element elementor-element-9fc4cc4\" data-id=\"9fc4cc4\" data-element_type=\"column\">\n\t\t\t<div class=\"elementor-widget-wrap elementor-element-populated\">\n\t\t\t\t\t\t\t\t<div class=\"elementor-element elementor-element-11ff244 elementor-widget elementor-widget-heading\" data-id=\"11ff244\" data-element_type=\"widget\" data-widget_type=\"heading.default\">\n\t\t\t\t<div class=\"elementor-widget-container\">\n\t\t\t<h2 class=\"elementor-heading-title elementor-size-default\">10, boul. Churchill, bureau 202, Longueuil QC  J4V 2L7<\/h2>\t\t<\/div>\n\t\t\t\t<\/div>\n\t\t\t\t<div class=\"elementor-element elementor-element-a739e31 elementor-widget elementor-widget-heading\" data-id=\"a739e31\" data-element_type=\"widget\" data-widget_type=\"heading.default\">\n\t\t\t\t<div class=\"elementor-widget-container\">\n\t\t\t<h2 class=\"elementor-heading-title elementor-size-default\"><a href=\"https:\/\/doublexpresso.ca\/\" target=\"_blank\">doublexpresso.ca<\/a>  \u2022  450 812-1775<\/h2>\t\t<\/div>\n\t\t\t\t<\/div>\n\t\t\t\t\t<\/div>\n\t\t<\/div>\n\t\t\t\t<div class=\"elementor-column elementor-col-33 elementor-top-column elementor-element elementor-element-e4d0ba3\" data-id=\"e4d0ba3\" data-element_type=\"column\">\n\t\t\t<div class=\"elementor-widget-wrap\">\n\t\t\t\t\t\t\t\t\t<\/div>\n\t\t<\/div>\n\t\t\t\t\t\t\t<\/div>\n\t\t<\/section>\n\t\t\t\t\t\t<\/div>\n\t\t\t\t\t<\/div>\n\t\t","protected":false},"excerpt":{"rendered":"<p>Petits et grands un peu de divertissements pendant vos d\u00e9placements! Version pour enfants T\u00c9L\u00c9CHARGEZ Version pour adultes T\u00c9L\u00c9CHARGEZ Bon \u00e9t\u00e9! 10, boul. Churchill, bureau 202, Longueuil QC J4V 2L7 doublexpresso.ca \u2022 450 812-1775<\/p>\n","protected":false},"author":1,"featured_media":0,"parent":0,"menu_order":0,"comment_status":"closed","ping_status":"closed","template":"elementor_canvas","meta":{"footnotes":""},"class_list":["post-12","page","type-page","status-publish","hentry"],"_links":{"self":[{"href":"https:\/\/doublexpresso.ca\/bingo-auto\/index.php\/wp-json\/wp\/v2\/pages\/12","targetHints":{"allow":["GET"]}}],"collection":[{"href":"https:\/\/doublexpresso.ca\/bingo-auto\/index.php\/wp-json\/wp\/v2\/pages"}],"about":[{"href":"https:\/\/doublexpresso.ca\/bingo-auto\/index.php\/wp-json\/wp\/v2\/types\/page"}],"author":[{"embeddable":true,"href":"https:\/\/doublexpresso.ca\/bingo-auto\/index.php\/wp-json\/wp\/v2\/users\/1"}],"replies":[{"embeddable":true,"href":"https:\/\/doublexpresso.ca\/bingo-auto\/index.php\/wp-json\/wp\/v2\/comments?post=12"}],"version-history":[{"count":67,"href":"https:\/\/doublexpresso.ca\/bingo-auto\/index.php\/wp-json\/wp\/v2\/pages\/12\/revisions"}],"predecessor-version":[{"id":96,"href":"https:\/\/doublexpresso.ca\/bingo-auto\/index.php\/wp-json\/wp\/v2\/pages\/12\/revisions\/96"}],"wp:attachment":[{"href":"https:\/\/doublexpresso.ca\/bingo-auto\/index.php\/wp-json\/wp\/v2\/media?parent=12"}],"curies":[{"name":"wp","href":"https:\/\/api.w.org\/{rel}","templated":true}]}}